{"id":5,"date":"2020-01-13T11:17:52","date_gmt":"2020-01-13T11:17:52","guid":{"rendered":"https:\/\/demosites.io\/web-agency-gb\/?page_id=5"},"modified":"2025-11-30T00:36:18","modified_gmt":"2025-11-29T21:36:18","slug":"15c42-web-agency-gb-home","status":"publish","type":"page","link":"https:\/\/cetinkayaplastik.com.tr\/","title":{"rendered":"Home"},"content":{"rendered":"\n<div class=\"wp-block-cover alignfull is-light\" style=\"min-height:100vh;aspect-ratio:unset;\"><img loading=\"lazy\" decoding=\"async\" width=\"1024\" height=\"584\" class=\"wp-block-cover__image-background wp-image-526 size-large\" alt=\"\" src=\"https:\/\/cetinkayaplastik.com.tr\/wp-content\/uploads\/2025\/11\/anasayfa2-3-1024x584.jpg\" data-object-fit=\"cover\" srcset=\"https:\/\/cetinkayaplastik.com.tr\/wp-content\/uploads\/2025\/11\/anasayfa2-3-1024x584.jpg 1024w, https:\/\/cetinkayaplastik.com.tr\/wp-content\/uploads\/2025\/11\/anasayfa2-3-300x171.jpg 300w, https:\/\/cetinkayaplastik.com.tr\/wp-content\/uploads\/2025\/11\/anasayfa2-3-768x438.jpg 768w, https:\/\/cetinkayaplastik.com.tr\/wp-content\/uploads\/2025\/11\/anasayfa2-3-1536x876.jpg 1536w, https:\/\/cetinkayaplastik.com.tr\/wp-content\/uploads\/2025\/11\/anasayfa2-3.jpg 1970w\" sizes=\"auto, (max-width: 1024px) 100vw, 1024px\" \/><span aria-hidden=\"true\" class=\"wp-block-cover__background has-background-dim-0 has-background-dim\" style=\"background-color:#b09e95\"><\/span><div class=\"wp-block-cover__inner-container is-layout-flow wp-block-cover-is-layout-flow\">\n<h1 class=\"wp-block-heading has-text-align-center has-text-color\" style=\"color:#121212\"><\/h1>\n\n\n\n<p class=\"has-text-align-center has-text-color\" style=\"color:#121212;font-size:17px\"><\/p>\n\n\n\n<p><\/p>\n\n\n\n<p><\/p>\n\n\n\n<p><\/p>\n\n\n\n<p><\/p>\n\n\n\n<p><\/p>\n\n\n\n<p><\/p>\n\n\n\n<p><\/p>\n<\/div><\/div>\n\n\n\n<div class=\"wp-block-columns is-layout-flex wp-container-core-columns-is-layout-9d6595d7 wp-block-columns-is-layout-flex\">\n<div class=\"wp-block-column is-vertically-aligned-top is-layout-flow wp-block-column-is-layout-flow\"><div class=\"wp-block-image icon-style is-style-rounded\">\n<figure class=\"aligncenter size-full\"><img loading=\"lazy\" decoding=\"async\" width=\"71\" height=\"71\" src=\"https:\/\/cetinkayaplastik.com.tr\/wp-content\/uploads\/2024\/06\/tik-1.png\" alt=\"\" class=\"wp-image-463\" title=\"\"\/><\/figure>\n<\/div>\n\n\n<h3 class=\"wp-block-heading has-text-align-center has-neve-text-color-color has-text-color\">Y\u00fcksek Kalite<\/h3>\n\n\n\n<p class=\"has-text-align-center\"><\/p>\n<\/div>\n\n\n\n<div class=\"wp-block-column is-vertically-aligned-top is-layout-flow wp-block-column-is-layout-flow\"><div class=\"wp-block-image icon-style is-style-rounded\">\n<figure class=\"aligncenter size-full\"><img loading=\"lazy\" decoding=\"async\" width=\"72\" height=\"71\" src=\"https:\/\/cetinkayaplastik.com.tr\/wp-content\/uploads\/2024\/06\/diamond-2.png\" alt=\"\" class=\"wp-image-462\"\/><\/figure>\n<\/div>\n\n\n<h3 class=\"wp-block-heading has-text-align-center has-neve-text-color-color has-text-color\">Zaman\u0131nda Teslimat<\/h3>\n\n\n\n<p class=\"has-text-align-center\"><\/p>\n<\/div>\n\n\n\n<div class=\"wp-block-column is-vertically-aligned-top is-layout-flow wp-block-column-is-layout-flow\"><div class=\"wp-block-image icon-style is-style-rounded\">\n<figure class=\"aligncenter size-full\"><img loading=\"lazy\" decoding=\"async\" width=\"72\" height=\"72\" src=\"https:\/\/cetinkayaplastik.com.tr\/wp-content\/uploads\/2024\/06\/simsek-1.png\" alt=\"\" class=\"wp-image-467\"\/><\/figure>\n<\/div>\n\n\n<h3 class=\"wp-block-heading has-text-align-center has-neve-text-color-color has-text-color\">H\u0131zl\u0131 Teslimat<\/h3>\n\n\n\n<p class=\"has-text-align-center\"><\/p>\n<\/div>\n<\/div>\n\n\n\n<p><\/p>\n","protected":false},"excerpt":{"rendered":"<p>Y\u00fcksek Kalite Zaman\u0131nda Teslimat H\u0131zl\u0131 Teslimat<\/p>\n","protected":false},"author":1,"featured_media":0,"parent":0,"menu_order":0,"comment_status":"closed","ping_status":"closed","template":"","meta":{"neve_meta_sidebar":"default","neve_meta_container":"default","neve_meta_enable_content_width":"on","neve_meta_content_width":100,"neve_meta_title_alignment":"","neve_meta_author_avatar":"","neve_post_elements_order":"","neve_meta_disable_header":"","neve_meta_disable_footer":"","neve_meta_disable_title":"on","_themeisle_gutenberg_block_has_review":false,"footnotes":""},"class_list":["post-5","page","type-page","status-publish","hentry"],"_links":{"self":[{"href":"https:\/\/cetinkayaplastik.com.tr\/index.php\/wp-json\/wp\/v2\/pages\/5","targetHints":{"allow":["GET"]}}],"collection":[{"href":"https:\/\/cetinkayaplastik.com.tr\/index.php\/wp-json\/wp\/v2\/pages"}],"about":[{"href":"https:\/\/cetinkayaplastik.com.tr\/index.php\/wp-json\/wp\/v2\/types\/page"}],"author":[{"embeddable":true,"href":"https:\/\/cetinkayaplastik.com.tr\/index.php\/wp-json\/wp\/v2\/users\/1"}],"replies":[{"embeddable":true,"href":"https:\/\/cetinkayaplastik.com.tr\/index.php\/wp-json\/wp\/v2\/comments?post=5"}],"version-history":[{"count":40,"href":"https:\/\/cetinkayaplastik.com.tr\/index.php\/wp-json\/wp\/v2\/pages\/5\/revisions"}],"predecessor-version":[{"id":528,"href":"https:\/\/cetinkayaplastik.com.tr\/index.php\/wp-json\/wp\/v2\/pages\/5\/revisions\/528"}],"wp:attachment":[{"href":"https:\/\/cetinkayaplastik.com.tr\/index.php\/wp-json\/wp\/v2\/media?parent=5"}],"curies":[{"name":"wp","href":"https:\/\/api.w.org\/{rel}","templated":true}]}}